{"id":46,"date":"2015-10-08T01:46:00","date_gmt":"2015-10-07T22:46:00","guid":{"rendered":"http:\/\/telealumni.cc.tut.fi\/alumni\/?page_id=46"},"modified":"2026-04-29T17:55:26","modified_gmt":"2026-04-29T14:55:26","slug":"yhteystiedot","status":"publish","type":"page","link":"https:\/\/www.telealumni.fi\/alumni\/tietoa\/yhteystiedot\/","title":{"rendered":"Yhteystiedot"},"content":{"rendered":"<h1>Yhteystiedot<\/h1>\n<h4>Sosiaaliset mediat:<\/h4>\n<ul>\n<li><a href=\"http:\/\/webchat.ircnet.net\/?channels=tele.alumnit\">#tele.alumnit @ IRCnet<\/a><\/li>\n<li><a href=\"http:\/\/www.linkedin.com\/groups?&amp;gid=3446262\">LinkedIn<\/a><\/li>\n<li><a href=\"https:\/\/www.facebook.com\/telealumni\">Facebook<\/a><\/li>\n<li><a href=\"http:\/\/www.facebook.com\/groups\/153169094716519\">Facebook-ryhm\u00e4<\/a><\/li>\n<\/ul>\n<h4>Yhteydenotot:<\/h4>\n<ul>\n<li>S\u00e4hk\u00f6posti:\u00a0hallitus (at) telealumni (p) fi<\/li>\n<\/ul>\n<h4>Hallitus:<\/h4>\n<ul>\n<li>Petteri &#8221;Mohlo&#8221; Kallio, puheenjohtaja<\/li>\n<li>Juha &#8221;Mirithil&#8221; Pajula, varapuheenjohtaja<\/li>\n<li>Antti &#8221;DoubleA&#8221; Ainasoja, sihteeri<\/li>\n<li>Joni &#8221;Kukakumma&#8221; V\u00e4is\u00e4nen<\/li>\n<li>Olli Partanen<\/li>\n<li>Antti Rahikainen<\/li>\n<li>Mika Ahoniemi<\/li>\n<\/ul>\n\n","protected":false},"excerpt":{"rendered":"<p>Yhteystiedot Sosiaaliset mediat: #tele.alumnit @ IRCnet LinkedIn Facebook Facebook-ryhm\u00e4 Yhteydenotot: S\u00e4hk\u00f6posti:\u00a0hallitus (at) telealumni (p) fi Hallitus: Petteri &#8221;Mohlo&#8221; Kallio, puheenjohtaja Juha &#8221;Mirithil&#8221; Pajula, varapuheenjohtaja Antti &#8221;DoubleA&#8221; Ainasoja, sihteeri Joni &#8221;Kukakumma&#8221; V\u00e4is\u00e4nen Olli Partanen Antti Rahikainen Mika Ahoniemi<\/p>\n","protected":false},"author":2,"featured_media":0,"parent":270,"menu_order":0,"comment_status":"closed","ping_status":"closed","template":"","meta":{"footnotes":""},"class_list":["post-46","page","type-page","status-publish","hentry"],"_links":{"self":[{"href":"https:\/\/www.telealumni.fi\/alumni\/wp-json\/wp\/v2\/pages\/46","targetHints":{"allow":["GET"]}}],"collection":[{"href":"https:\/\/www.telealumni.fi\/alumni\/wp-json\/wp\/v2\/pages"}],"about":[{"href":"https:\/\/www.telealumni.fi\/alumni\/wp-json\/wp\/v2\/types\/page"}],"author":[{"embeddable":true,"href":"https:\/\/www.telealumni.fi\/alumni\/wp-json\/wp\/v2\/users\/2"}],"replies":[{"embeddable":true,"href":"https:\/\/www.telealumni.fi\/alumni\/wp-json\/wp\/v2\/comments?post=46"}],"version-history":[{"count":21,"href":"https:\/\/www.telealumni.fi\/alumni\/wp-json\/wp\/v2\/pages\/46\/revisions"}],"predecessor-version":[{"id":1004,"href":"https:\/\/www.telealumni.fi\/alumni\/wp-json\/wp\/v2\/pages\/46\/revisions\/1004"}],"up":[{"embeddable":true,"href":"https:\/\/www.telealumni.fi\/alumni\/wp-json\/wp\/v2\/pages\/270"}],"wp:attachment":[{"href":"https:\/\/www.telealumni.fi\/alumni\/wp-json\/wp\/v2\/media?parent=46"}],"curies":[{"name":"wp","href":"https:\/\/api.w.org\/{rel}","templated":true}]}}