{"id":57,"date":"2015-10-08T01:52:22","date_gmt":"2015-10-07T22:52:22","guid":{"rendered":"http:\/\/telealumni.cc.tut.fi\/alumni\/?page_id=57"},"modified":"2024-07-04T17:40:45","modified_gmt":"2024-07-04T14:40:45","slug":"liity-jaseneksi","status":"publish","type":"page","link":"https:\/\/www.telealumni.fi\/alumni\/liity-jaseneksi\/","title":{"rendered":"Liity j\u00e4seneksi"},"content":{"rendered":"<h1>Liity j\u00e4seneksi<\/h1>\n<p>Yhdistyksen hallitus k\u00e4sittelee j\u00e4senhakemuksia noin huhtikuussa, syyskuussa ja tammikuussa. J\u00e4senmaksu kalenterivuodelta on 20 euroa. Maksutiedot saat s\u00e4hk\u00f6postilla, kun hallitus on hyv\u00e4ksynyt hakemuksen.<\/p>\n<p><span style=\"color: #00a38f;\">Suosittelemme tarkastamaan s\u00e4hk\u00f6postin roskapostiasetukset. Ainakin gmail- ja hotmail-osoitteiden kanssa on esiintynyt ongelmia.<\/span><\/p>\n<p>J\u00e4seneksi voit hakea laittamalla s\u00e4hk\u00f6postia hallitus [at] telealumni.fi<\/p>\n<p>Laita spostiin seuraavat tiedot:<\/p>\n<p>Sukunimi<br \/>\nEtunimet<br \/>\nKotikunta<br \/>\nAloittanut (TeLE:ll\u00e4)<br \/>\nValmistumisvuosi<br \/>\nPerustelu<\/p>\n","protected":false},"excerpt":{"rendered":"<p>Liity j\u00e4seneksi Yhdistyksen hallitus k\u00e4sittelee j\u00e4senhakemuksia noin huhtikuussa, syyskuussa ja tammikuussa. J\u00e4senmaksu kalenterivuodelta on 20 euroa. Maksutiedot saat s\u00e4hk\u00f6postilla, kun hallitus on hyv\u00e4ksynyt hakemuksen. Suosittelemme tarkastamaan s\u00e4hk\u00f6postin roskapostiasetukset. Ainakin gmail- ja hotmail-osoitteiden kanssa on esiintynyt ongelmia. J\u00e4seneksi voit hakea laittamalla s\u00e4hk\u00f6postia hallitus [at] telealumni.fi Laita spostiin seuraavat tiedot: Sukunimi Etunimet Kotikunta Aloittanut (TeLE:ll\u00e4) Valmistumisvuosi Perustelu<\/p>\n","protected":false},"author":2,"featured_media":0,"parent":0,"menu_order":0,"comment_status":"closed","ping_status":"closed","template":"","meta":{"footnotes":""},"class_list":["post-57","page","type-page","status-publish","hentry"],"_links":{"self":[{"href":"https:\/\/www.telealumni.fi\/alumni\/wp-json\/wp\/v2\/pages\/57","targetHints":{"allow":["GET"]}}],"collection":[{"href":"https:\/\/www.telealumni.fi\/alumni\/wp-json\/wp\/v2\/pages"}],"about":[{"href":"https:\/\/www.telealumni.fi\/alumni\/wp-json\/wp\/v2\/types\/page"}],"author":[{"embeddable":true,"href":"https:\/\/www.telealumni.fi\/alumni\/wp-json\/wp\/v2\/users\/2"}],"replies":[{"embeddable":true,"href":"https:\/\/www.telealumni.fi\/alumni\/wp-json\/wp\/v2\/comments?post=57"}],"version-history":[{"count":12,"href":"https:\/\/www.telealumni.fi\/alumni\/wp-json\/wp\/v2\/pages\/57\/revisions"}],"predecessor-version":[{"id":947,"href":"https:\/\/www.telealumni.fi\/alumni\/wp-json\/wp\/v2\/pages\/57\/revisions\/947"}],"wp:attachment":[{"href":"https:\/\/www.telealumni.fi\/alumni\/wp-json\/wp\/v2\/media?parent=57"}],"curies":[{"name":"wp","href":"https:\/\/api.w.org\/{rel}","templated":true}]}}